{"id":10,"date":"2011-08-20T18:43:00","date_gmt":"2011-08-20T16:43:00","guid":{"rendered":"http:\/\/elektro-duebi.ch\/web\/?page_id=10"},"modified":"2011-10-02T16:12:46","modified_gmt":"2011-10-02T14:12:46","slug":"leistungen","status":"publish","type":"page","link":"http:\/\/elektro-duebi.ch\/web\/leistungen","title":{"rendered":"Leistungen"},"content":{"rendered":"<p>Wir realisieren individuelle, zeitgem\u00e4sse, dem Stand der Technik entsprechende und f\u00fcr Sie abgestimmte L\u00f6sungen. Wir freuen uns auf Ihre Anfragen&#8230;<\/p>\n<table border=\"0\">\n<tbody>\n<tr>\n<td align=\"left\" valign=\"top\">\n<ul>\n<li>Elektroinstallationen<\/li>\n<li>Geb\u00e4udeautomation<\/li>\n<li>KNX Bussysteme<\/li>\n<\/ul>\n<ul>\n<li>Telefoninstallationen ISDN, ADSL, VDSL<\/li>\n<li>EDV- und Fiber Optic Verkabelungen<\/li>\n<li>POF-Installationstechnik<\/li>\n<li>UPS-Systeme<\/li>\n<\/ul>\n<ul>\n<li>TV-, SAT-, CATV- und Audioinstallationen<\/li>\n<li>Multimediaverkabelungen<\/li>\n<\/ul>\n<ul>\n<li>W\u00e4rmepumpentechnologie<\/li>\n<li>Photovoltaikanlagen<\/li>\n<li>Solarkollektoranlagen<\/li>\n<li>Stark- und Schwachstrominstallationen<\/li>\n<\/ul>\n<\/td>\n<td align=\"left\" valign=\"top\">\n<ul>\n<li>Blitzschutzsysteme<\/li>\n<li>Sicherheits- und Brandmeldeanlagen<\/li>\n<li>SPD-Schutzkonzept<\/li>\n<\/ul>\n<ul>\n<li>Beleuchtungssysteme<\/li>\n<li>Haushaltger\u00e4te<\/li>\n<li>Reparaturen und Service<\/li>\n<\/ul>\n<ul>\n<li>Planung \/ Konzeption<\/li>\n<li>Realisierung<\/li>\n<li>Beratung<\/li>\n<li>Expertiesen<\/li>\n<li>Elektrokontrollen gem. NIV<\/li>\n<\/ul>\n<\/td>\n<\/tr>\n<\/tbody>\n<\/table>\n<p>Wir sind Ihr kompetenter Ansprechpartner f\u00fcr grosse und kleine Projekte und realisieren Installationen f\u00fcr Private, Firmen und Industriebetriebe.<\/p>\n","protected":false},"excerpt":{"rendered":"<p>Wir realisieren individuelle, zeitgem\u00e4sse, dem Stand der Technik entsprechende und f\u00fcr Sie abgestimmte L\u00f6sungen. Wir freuen uns auf Ihre Anfragen&#8230; Elektroinstallationen Geb\u00e4udeautomation KNX Bussysteme Telefoninstallationen ISDN, ADSL, VDSL EDV- und Fiber Optic Verkabelungen POF-Installationstechnik UPS-Systeme TV-, SAT-, CATV- und Audioinstallationen &hellip; <a href=\"http:\/\/elektro-duebi.ch\/web\/leistungen\">Weiterlesen <span class=\"meta-nav\">&rarr;<\/span><\/a><\/p>\n","protected":false},"author":1,"featured_media":0,"parent":0,"menu_order":5,"comment_status":"closed","ping_status":"open","template":"","meta":{"footnotes":"","_links_to":"","_links_to_target":""},"class_list":["post-10","page","type-page","status-publish","hentry"],"_links":{"self":[{"href":"http:\/\/elektro-duebi.ch\/web\/wp-json\/wp\/v2\/pages\/10","targetHints":{"allow":["GET"]}}],"collection":[{"href":"http:\/\/elektro-duebi.ch\/web\/wp-json\/wp\/v2\/pages"}],"about":[{"href":"http:\/\/elektro-duebi.ch\/web\/wp-json\/wp\/v2\/types\/page"}],"author":[{"embeddable":true,"href":"http:\/\/elektro-duebi.ch\/web\/wp-json\/wp\/v2\/users\/1"}],"replies":[{"embeddable":true,"href":"http:\/\/elektro-duebi.ch\/web\/wp-json\/wp\/v2\/comments?post=10"}],"version-history":[{"count":11,"href":"http:\/\/elektro-duebi.ch\/web\/wp-json\/wp\/v2\/pages\/10\/revisions"}],"predecessor-version":[{"id":32,"href":"http:\/\/elektro-duebi.ch\/web\/wp-json\/wp\/v2\/pages\/10\/revisions\/32"}],"wp:attachment":[{"href":"http:\/\/elektro-duebi.ch\/web\/wp-json\/wp\/v2\/media?parent=10"}],"curies":[{"name":"wp","href":"https:\/\/api.w.org\/{rel}","templated":true}]}}