{"id":14,"date":"2011-08-20T18:43:34","date_gmt":"2011-08-20T16:43:34","guid":{"rendered":"http:\/\/elektro-duebi.ch\/web\/?page_id=14"},"modified":"2015-01-23T09:33:49","modified_gmt":"2015-01-23T07:33:49","slug":"kunden","status":"publish","type":"page","link":"http:\/\/elektro-duebi.ch\/web\/kunden","title":{"rendered":"Kunden"},"content":{"rendered":"<p>Zu unseren Kunden d\u00fcrfen wir zahlreiche grosse sowie auch kleine Unternehmen und Privatpersonen z\u00e4hlen. Aus Diskretionsgr\u00fcnden zeigen wir nur eine kleine Auswahl unserer Kunden<\/p>\n<p><a href=\"http:\/\/www.sbb.ch\" target=\"_blank\"><img loading=\"lazy\" decoding=\"async\" class=\"alignnone size-full wp-image-263\" title=\"link_sbb\" src=\"http:\/\/elektro-duebi.ch\/web\/wp-content\/uploads\/2011\/08\/link_sbb.jpg\" alt=\"\" width=\"150\" height=\"112\" \/> <\/a><a href=\"http:\/\/www.wincasa.ch\/\" target=\"_blank\"><img loading=\"lazy\" decoding=\"async\" class=\"alignnone size-full wp-image-54\" title=\"link_wincasa\" src=\"http:\/\/elektro-duebi.ch\/web\/wp-content\/uploads\/2011\/08\/link_wincasa.jpg\" alt=\"\" width=\"150\" height=\"112\" \/><\/a> <a href=\"http:\/\/www.cic-broker.ch\" target=\"_blank\"><img loading=\"lazy\" decoding=\"async\" class=\"alignnone size-full wp-image-55\" title=\"link_cic\" src=\"http:\/\/elektro-duebi.ch\/web\/wp-content\/uploads\/2011\/08\/link_cic.jpg\" alt=\"\" width=\"150\" height=\"112\" \/><\/a> <a href=\"http:\/\/www.marti.ch\/\" target=\"_blank\"><img loading=\"lazy\" decoding=\"async\" class=\"alignnone size-full wp-image-56\" title=\"link_marti\" src=\"http:\/\/elektro-duebi.ch\/web\/wp-content\/uploads\/2011\/08\/link_marti.jpg\" alt=\"\" width=\"150\" height=\"112\" \/><\/a> <a href=\"http:\/\/www.elva.ch\/\" target=\"_blank\"><img loading=\"lazy\" decoding=\"async\" class=\"alignnone size-full wp-image-57\" title=\"link_elva\" src=\"http:\/\/elektro-duebi.ch\/web\/wp-content\/uploads\/2011\/08\/link_elva.jpg\" alt=\"\" width=\"150\" height=\"112\" \/><\/a> <a href=\"http:\/\/www.gnfs.ch\/\" target=\"_blank\"><img loading=\"lazy\" decoding=\"async\" class=\"alignnone size-full wp-image-58\" title=\"link_thunsued\" src=\"http:\/\/elektro-duebi.ch\/web\/wp-content\/uploads\/2011\/08\/link_thunsued.jpg\" alt=\"\" width=\"150\" height=\"112\" \/><\/a> <a href=\"http:\/\/www.blank-metallbau.ch\/\"><img loading=\"lazy\" decoding=\"async\" class=\"alignnone size-full wp-image-172\" title=\"link_blank\" src=\"http:\/\/elektro-duebi.ch\/web\/wp-content\/uploads\/2011\/08\/link_blank.jpg\" alt=\"\" width=\"150\" height=\"112\" \/> <\/a><a href=\"http:\/\/www.alpine-energie.com\/Content.Node\/index.php\" target=\"_blank\"><img loading=\"lazy\" decoding=\"async\" class=\"alignnone\" title=\"link_alpine\" src=\"http:\/\/elektro-duebi.ch\/web\/wp-content\/uploads\/2011\/08\/link_alpine.jpg\" alt=\"\" width=\"150\" height=\"112\" \/> <\/a><a href=\"http:\/\/www.schuepfen.ch\/de\/\" target=\"_blank\"><img loading=\"lazy\" decoding=\"async\" class=\"alignnone size-full wp-image-199\" title=\"link_schuepfen\" src=\"http:\/\/elektro-duebi.ch\/web\/wp-content\/uploads\/2011\/08\/link_schuepfen.jpg\" alt=\"\" width=\"150\" height=\"112\" \/> <\/a><a href=\"http:\/\/www.gartenbau-weibel.ch\" target=\"_blank\"><img loading=\"lazy\" decoding=\"async\" title=\"link_weibel\" src=\"http:\/\/elektro-duebi.ch\/web\/wp-content\/uploads\/2011\/08\/link_weibel.jpg\" alt=\"\" width=\"150\" height=\"112\" \/> <\/a><a href=\"http:\/\/www.realisstoren.ch\/\" target=\"_blank\"><img loading=\"lazy\" decoding=\"async\" title=\"link_realis\" src=\"http:\/\/elektro-duebi.ch\/web\/wp-content\/uploads\/2011\/08\/link_realis.jpg\" alt=\"\" width=\"150\" height=\"112\" \/>\u00a0<\/a><a href=\"http:\/\/www.gassmannmedia.ch\" target=\"_blank\"><img loading=\"lazy\" decoding=\"async\" class=\"alignnone size-full wp-image-220\" title=\"link_gassmann\" src=\"http:\/\/elektro-duebi.ch\/web\/wp-content\/uploads\/2011\/08\/link_gassmann1.jpg\" alt=\"\" width=\"150\" height=\"112\" \/><\/a> <a href=\"http:\/\/www.alno.ch\/\" target=\"_blank\"><img loading=\"lazy\" decoding=\"async\" class=\"alignnone size-full wp-image-247\" title=\"link_alno\" src=\"http:\/\/elektro-duebi.ch\/web\/wp-content\/uploads\/2011\/08\/link_alno.jpg\" alt=\"\" width=\"150\" height=\"112\" \/><\/a> <a href=\"http:\/\/www.isberne.ch\/\" target=\"_blank\"><img loading=\"lazy\" decoding=\"async\" class=\"alignnone size-full wp-image-272\" title=\"link_is_bern\" src=\"http:\/\/elektro-duebi.ch\/web\/wp-content\/uploads\/2011\/08\/link_is_bern.jpg\" alt=\"\" width=\"150\" height=\"112\" \/><\/a> <a href=\"http:\/\/www.grossaffoltern.ch\/de\/index.php\" target=\"_blank\"><img loading=\"lazy\" decoding=\"async\" class=\"alignnone size-full wp-image-273\" title=\"link_grossafoltern\" src=\"http:\/\/elektro-duebi.ch\/web\/wp-content\/uploads\/2011\/08\/link_grossafoltern.jpg\" alt=\"\" width=\"150\" height=\"112\" \/><\/a> <a href=\"http:\/\/www.studiscar.ch\/\" target=\"_blank\"><img loading=\"lazy\" decoding=\"async\" class=\"alignnone size-full wp-image-274\" title=\"link_studis_car\" src=\"http:\/\/elektro-duebi.ch\/web\/wp-content\/uploads\/2011\/08\/link_studis_car.jpg\" alt=\"\" width=\"150\" height=\"112\" \/><\/a> <a href=\"http:\/\/www.apart-architektur.ch\/\" target=\"_blank\"><img loading=\"lazy\" decoding=\"async\" class=\"alignnone size-full wp-image-275\" title=\"link_apart\" src=\"http:\/\/elektro-duebi.ch\/web\/wp-content\/uploads\/2011\/08\/link_apart1.jpg\" alt=\"\" width=\"150\" height=\"112\" \/><\/a> <a href=\"http:\/\/www.hts-ag.ch\/\" target=\"_blank\"><img loading=\"lazy\" decoding=\"async\" class=\"alignnone size-full wp-image-276\" title=\"link_hts\" src=\"http:\/\/elektro-duebi.ch\/web\/wp-content\/uploads\/2011\/08\/link_hts.jpg\" alt=\"\" width=\"150\" height=\"112\" \/><\/a> <a href=\"http:\/\/www.amport-beer.ch\/\" target=\"_blank\"><img loading=\"lazy\" decoding=\"async\" class=\"alignnone size-full wp-image-277\" title=\"link_amport_beer\" src=\"http:\/\/elektro-duebi.ch\/web\/wp-content\/uploads\/2011\/08\/link_amport_beer.jpg\" alt=\"\" width=\"150\" height=\"112\" \/><\/a> <a href=\"http:\/\/www.gabus.ch\/\" target=\"_blank\"><img loading=\"lazy\" decoding=\"async\" class=\"alignnone size-full wp-image-278\" title=\"link_gabus\" src=\"http:\/\/elektro-duebi.ch\/web\/wp-content\/uploads\/2011\/08\/link_gabus.jpg\" alt=\"\" width=\"150\" height=\"112\" \/><\/a> <a href=\"http:\/\/www.agro-technik.ch\/\" target=\"_blank\"><img loading=\"lazy\" decoding=\"async\" class=\"alignnone size-full wp-image-279\" title=\"link_agro_technik\" src=\"http:\/\/elektro-duebi.ch\/web\/wp-content\/uploads\/2011\/08\/link_agro_technik.jpg\" alt=\"\" width=\"150\" height=\"112\" \/><\/a> <a href=\"http:\/\/www.swisscom.ch\/de\/privatkunden.html\" target=\"_blank\"><img loading=\"lazy\" decoding=\"async\" class=\"alignnone size-full wp-image-280\" title=\"link_swisscom_privat\" src=\"http:\/\/elektro-duebi.ch\/web\/wp-content\/uploads\/2011\/08\/link_swisscom_privat.jpg\" alt=\"\" width=\"150\" height=\"112\" \/><\/a> <a href=\"http:\/\/www.orchestra.fr\/\" target=\"_blank\"><img loading=\"lazy\" decoding=\"async\" class=\"alignnone size-full wp-image-281\" title=\"link_orchestra\" src=\"http:\/\/elektro-duebi.ch\/web\/wp-content\/uploads\/2011\/08\/link_orchestra.jpg\" alt=\"\" width=\"150\" height=\"112\" \/><\/a> <a href=\"http:\/\/www.planzer.ch\/de\/\" target=\"_blank\"><img loading=\"lazy\" decoding=\"async\" class=\"alignnone size-full wp-image-282\" title=\"link_planzer\" src=\"http:\/\/elektro-duebi.ch\/web\/wp-content\/uploads\/2011\/08\/link_planzer.jpg\" alt=\"\" width=\"150\" height=\"112\" \/><\/a> <a href=\"http:\/\/www.atmoshaus.ch\/\" target=\"_blank\"><img loading=\"lazy\" decoding=\"async\" class=\"alignnone size-full wp-image-283\" title=\"link_atmoshaus\" src=\"http:\/\/elektro-duebi.ch\/web\/wp-content\/uploads\/2011\/08\/link_atmoshaus.jpg\" alt=\"\" width=\"150\" height=\"112\" \/><\/a> <a href=\"http:\/\/www.szb-chb.ch\/\" target=\"_blank\"><img loading=\"lazy\" decoding=\"async\" class=\"alignnone size-full wp-image-289\" title=\"link_szb\" src=\"http:\/\/elektro-duebi.ch\/web\/wp-content\/uploads\/2011\/08\/link_szb.jpg\" alt=\"\" width=\"150\" height=\"112\" \/><\/a> <a href=\"http:\/\/www.lyss.ch\/de\/05_verwaltung\/verwaltung.php\" target=\"_blank\"><img loading=\"lazy\" decoding=\"async\" class=\"alignnone size-full wp-image-341\" title=\"link_gemeinde_lyss\" src=\"http:\/\/elektro-duebi.ch\/web\/wp-content\/uploads\/2011\/08\/link_gemeinde_lyss.jpg\" alt=\"\" width=\"150\" height=\"112\" \/><\/a> <a href=\"http:\/\/www.apart-architektur.ch\" target=\"_blank\"><img loading=\"lazy\" decoding=\"async\" title=\"link_apart\" src=\"http:\/\/elektro-duebi.ch\/web\/wp-content\/uploads\/2011\/08\/link_apart.jpg\" alt=\"\" width=\"150\" height=\"112\" \/><\/a> <a href=\"http:\/\/wirztanner.ch\/\"><img loading=\"lazy\" decoding=\"async\" class=\"alignnone size-full wp-image-498\" src=\"http:\/\/elektro-duebi.ch\/web\/wp-content\/uploads\/2014\/08\/link_wirztanner.jpg\" alt=\"link_wirztanner\" width=\"150\" height=\"112\" \/><\/a> <a href=\"https:\/\/www.swisshaus.ch\/de-ch\"><img loading=\"lazy\" decoding=\"async\" class=\"alignnone size-full wp-image-499\" src=\"http:\/\/elektro-duebi.ch\/web\/wp-content\/uploads\/2014\/08\/link_swisshaus.jpg\" alt=\"link_swisshaus\" width=\"150\" height=\"112\" \/><\/a> <a href=\"http:\/\/www.franconigrob.ch\/\"><img loading=\"lazy\" decoding=\"async\" class=\"alignnone size-full wp-image-500\" src=\"http:\/\/elektro-duebi.ch\/web\/wp-content\/uploads\/2014\/08\/link_franconi.jpg\" alt=\"link_franconi\" width=\"150\" height=\"112\" \/><\/a> <a href=\"http:\/\/www.garbani.com\/\"><img loading=\"lazy\" decoding=\"async\" class=\"alignnone size-full wp-image-522\" src=\"http:\/\/elektro-duebi.ch\/web\/wp-content\/uploads\/2015\/01\/link_garbani.jpg\" alt=\"link_garbani\" width=\"150\" height=\"112\" \/><\/a><\/p>\n","protected":false},"excerpt":{"rendered":"<p>Zu unseren Kunden d\u00fcrfen wir zahlreiche grosse sowie auch kleine Unternehmen und Privatpersonen z\u00e4hlen. Aus Diskretionsgr\u00fcnden zeigen wir nur eine kleine Auswahl unserer Kunden \u00a0<\/p>\n","protected":false},"author":1,"featured_media":0,"parent":0,"menu_order":7,"comment_status":"closed","ping_status":"open","template":"","meta":{"footnotes":"","_links_to":"","_links_to_target":""},"class_list":["post-14","page","type-page","status-publish","hentry"],"_links":{"self":[{"href":"http:\/\/elektro-duebi.ch\/web\/wp-json\/wp\/v2\/pages\/14","targetHints":{"allow":["GET"]}}],"collection":[{"href":"http:\/\/elektro-duebi.ch\/web\/wp-json\/wp\/v2\/pages"}],"about":[{"href":"http:\/\/elektro-duebi.ch\/web\/wp-json\/wp\/v2\/types\/page"}],"author":[{"embeddable":true,"href":"http:\/\/elektro-duebi.ch\/web\/wp-json\/wp\/v2\/users\/1"}],"replies":[{"embeddable":true,"href":"http:\/\/elektro-duebi.ch\/web\/wp-json\/wp\/v2\/comments?post=14"}],"version-history":[{"count":28,"href":"http:\/\/elektro-duebi.ch\/web\/wp-json\/wp\/v2\/pages\/14\/revisions"}],"predecessor-version":[{"id":524,"href":"http:\/\/elektro-duebi.ch\/web\/wp-json\/wp\/v2\/pages\/14\/revisions\/524"}],"wp:attachment":[{"href":"http:\/\/elektro-duebi.ch\/web\/wp-json\/wp\/v2\/media?parent=14"}],"curies":[{"name":"wp","href":"https:\/\/api.w.org\/{rel}","templated":true}]}}