{"id":184,"date":"2011-12-09T19:39:07","date_gmt":"2011-12-09T17:39:07","guid":{"rendered":"http:\/\/elektro-duebi.ch\/web\/?page_id=184"},"modified":"2025-06-24T18:05:05","modified_gmt":"2025-06-24T16:05:05","slug":"aktuelles","status":"publish","type":"page","link":"http:\/\/elektro-duebi.ch\/web\/aktuelles","title":{"rendered":"Stellen"},"content":{"rendered":"<p><span style=\"color: #000000;\"><strong>Wir suchen per sofort oder nach Vereinbarung eine\/n<\/strong><\/span><\/p>\n<hr \/>\n<p><span style=\"color: #0000ff;\"><strong>Elektroinstallateurin EFZ \/ Elektroinstallateur EFZ <\/strong><\/span><\/p>\n<p>Ihre kompletten Bewerbungsunterlagen stellen Sie uns entweder per Mail oder per Post zu. F\u00fcr Fragen und Informationen steht Ihnen Marc D\u00fcbi gerne zur Verf\u00fcgung.<\/p>\n<hr \/>\n<p><span style=\"color: #0000ff;\"><strong>Lehrstelle Elektroinstallateurin EFZ \/ Elektroinstallateur EFZ <\/strong><\/span><\/p>\n<p>F\u00fcr Sommer 2025 haben wir noch eine freie Lehrstelle als Elektroinstallateurin EFZ \/ Elektroinstallateur EFZ zu vergeben.<\/p>\n<p>Wir suchen einen motivierten, aufgestellten, freundlichen\u00a0und lernwilligen\u00a0Schulabg\u00e4nger welcher den Einstieg in die Berufswelt mit unserem\u00a0interessanten und abwechslungsreichen Beruf\u00a0starten will.<\/p>\n<hr \/>\n<p>Berufsvorstellung siehe:<a href=\"http:\/\/www.elektriker.ch\"> www.elektriker.ch<\/a><\/p>\n","protected":false},"excerpt":{"rendered":"<p>Wir suchen per sofort oder nach Vereinbarung eine\/n Elektroinstallateurin EFZ \/ Elektroinstallateur EFZ Ihre kompletten Bewerbungsunterlagen stellen Sie uns entweder per Mail oder per Post zu. F\u00fcr Fragen und Informationen steht Ihnen Marc D\u00fcbi gerne zur Verf\u00fcgung. Lehrstelle Elektroinstallateurin EFZ &hellip; <a href=\"http:\/\/elektro-duebi.ch\/web\/aktuelles\">Weiterlesen <span class=\"meta-nav\">&rarr;<\/span><\/a><\/p>\n","protected":false},"author":1,"featured_media":0,"parent":0,"menu_order":4,"comment_status":"closed","ping_status":"open","template":"","meta":{"footnotes":"","_links_to":"","_links_to_target":""},"class_list":["post-184","page","type-page","status-publish","hentry"],"_links":{"self":[{"href":"http:\/\/elektro-duebi.ch\/web\/wp-json\/wp\/v2\/pages\/184","targetHints":{"allow":["GET"]}}],"collection":[{"href":"http:\/\/elektro-duebi.ch\/web\/wp-json\/wp\/v2\/pages"}],"about":[{"href":"http:\/\/elektro-duebi.ch\/web\/wp-json\/wp\/v2\/types\/page"}],"author":[{"embeddable":true,"href":"http:\/\/elektro-duebi.ch\/web\/wp-json\/wp\/v2\/users\/1"}],"replies":[{"embeddable":true,"href":"http:\/\/elektro-duebi.ch\/web\/wp-json\/wp\/v2\/comments?post=184"}],"version-history":[{"count":24,"href":"http:\/\/elektro-duebi.ch\/web\/wp-json\/wp\/v2\/pages\/184\/revisions"}],"predecessor-version":[{"id":621,"href":"http:\/\/elektro-duebi.ch\/web\/wp-json\/wp\/v2\/pages\/184\/revisions\/621"}],"wp:attachment":[{"href":"http:\/\/elektro-duebi.ch\/web\/wp-json\/wp\/v2\/media?parent=184"}],"curies":[{"name":"wp","href":"https:\/\/api.w.org\/{rel}","templated":true}]}}