{"id":20,"date":"2011-08-20T18:44:28","date_gmt":"2011-08-20T16:44:28","guid":{"rendered":"http:\/\/elektro-duebi.ch\/web\/?page_id=20"},"modified":"2020-07-03T07:32:14","modified_gmt":"2020-07-03T05:32:14","slug":"hinweise","status":"publish","type":"page","link":"http:\/\/elektro-duebi.ch\/web\/hinweise","title":{"rendered":"Hinweise \u00a9"},"content":{"rendered":"<p>Der gesamte Inhalt der <strong>Elektro D\u00fcbi AG<\/strong> Website ist urheberrechtlich gesch\u00fctzt (alle Rechte vorbehalten). Das Herunterladen oder Ausdrucken einzelner Seiten und Teilbereiche der Website ist gestattet, sofern weder die Copyrightvermerke noch andere gesetzlich gesch\u00fctzte Bezeichnungen entfernt werden.<\/p>\n<p>Obwohl wir viel Zeit und Sorgfalt darauf verwenden, dass die Informationen zum Zeitpunkt der Ver\u00f6ffentlichung genau sind, \u00fcbernehmen wir keine Gew\u00e4hrleistung hinsichtlich deren Korrektheit, Zuverl\u00e4ssigkeit oder Vollst\u00e4ndigkeit.<\/p>\n<p>F\u00fcr die Richtigkeit der Informationen wird keine Gew\u00e4hr geleistet, weder ausdr\u00fccklich noch implizit. <strong>Elektro D\u00fcbi AG<\/strong> \u00fcbernimmt keine Verantwortung und gibt keine Garantie, dass die Funktionen auf der Website nicht unterbrochen werden oder fehlerlos sind, dass Fehler behoben werden oder die Website und der jeweilige Server frei von Viren oder sch\u00e4dlichen Bestandteilen sind. Jegliche Haftung (einschliesslich Fahrl\u00e4ssigkeit) fu\u0308r Sch\u00e4den oder Folgesch\u00e4den, die sich aus dem Zugriff auf die Daten der Website ergeben, ist ausgeschlossen.<\/p>\n<p><strong>Elektro D\u00fcbi AG<\/strong> hat die mit der Website verlinkten Websites nicht gepr\u00fcft und \u00fcbernimmt f\u00fcr deren Inhalte, die darauf angebotenen Produkte, Dienstleistungen oder sonstigen Angebote keine Verantwortung.<\/p>\n<p>Der Nutzung von im Rahmen der Impressumspflicht ver\u00f6ffentlichten Kontaktdaten durch Dritte zur \u00dcbersendung von nicht ausdr\u00fccklich angeforderter Werbung und Informationsmaterialien wird ausdr\u00fccklich widersprochen.<strong> Elektro D\u00fcbi AG<\/strong> beh\u00e4lt sich rechtliche Schritte im Falle der unverlangten Zusendung von Werbeinformationen vor.<\/p>\n<p>\u00a9 Bildmaterial, Textmaterial und Inhalte&#8230; <a title=\"Elektro D\u00fcbi\" href=\"http:\/\/www.elektro-duebi.ch\" target=\"_blank\" rel=\"noopener noreferrer\"><strong>Elektro D\u00fcbi AG<\/strong> <\/a><br \/>\n\u00a9 Design, Setup und Publishing&#8230; <a title=\"Jellyfruit - Design Agency Solothurn\" href=\"http:\/\/www.jellyfruit.org\" target=\"_blank\" rel=\"noopener noreferrer\"><strong>Jellyfruit Multimedia<\/strong><\/a><\/p>\n","protected":false},"excerpt":{"rendered":"<p>Der gesamte Inhalt der Elektro D\u00fcbi AG Website ist urheberrechtlich gesch\u00fctzt (alle Rechte vorbehalten). Das Herunterladen oder Ausdrucken einzelner Seiten und Teilbereiche der Website ist gestattet, sofern weder die Copyrightvermerke noch andere gesetzlich gesch\u00fctzte Bezeichnungen entfernt werden. Obwohl wir viel &hellip; <a href=\"http:\/\/elektro-duebi.ch\/web\/hinweise\">Weiterlesen <span class=\"meta-nav\">&rarr;<\/span><\/a><\/p>\n","protected":false},"author":1,"featured_media":0,"parent":0,"menu_order":11,"comment_status":"closed","ping_status":"open","template":"","meta":{"footnotes":"","_links_to":"","_links_to_target":""},"class_list":["post-20","page","type-page","status-publish","hentry"],"_links":{"self":[{"href":"http:\/\/elektro-duebi.ch\/web\/wp-json\/wp\/v2\/pages\/20","targetHints":{"allow":["GET"]}}],"collection":[{"href":"http:\/\/elektro-duebi.ch\/web\/wp-json\/wp\/v2\/pages"}],"about":[{"href":"http:\/\/elektro-duebi.ch\/web\/wp-json\/wp\/v2\/types\/page"}],"author":[{"embeddable":true,"href":"http:\/\/elektro-duebi.ch\/web\/wp-json\/wp\/v2\/users\/1"}],"replies":[{"embeddable":true,"href":"http:\/\/elektro-duebi.ch\/web\/wp-json\/wp\/v2\/comments?post=20"}],"version-history":[{"count":13,"href":"http:\/\/elektro-duebi.ch\/web\/wp-json\/wp\/v2\/pages\/20\/revisions"}],"predecessor-version":[{"id":613,"href":"http:\/\/elektro-duebi.ch\/web\/wp-json\/wp\/v2\/pages\/20\/revisions\/613"}],"wp:attachment":[{"href":"http:\/\/elektro-duebi.ch\/web\/wp-json\/wp\/v2\/media?parent=20"}],"curies":[{"name":"wp","href":"https:\/\/api.w.org\/{rel}","templated":true}]}}